{"id":33,"date":"2023-12-05T20:59:12","date_gmt":"2023-12-05T20:59:12","guid":{"rendered":"http:\/\/royaldrivingexperience.com\/?page_id=33"},"modified":"2023-12-30T12:09:47","modified_gmt":"2023-12-30T11:09:47","slug":"driving","status":"publish","type":"page","link":"http:\/\/royaldrivingexperience.com\/fr\/driving\/","title":{"rendered":"Driving"},"content":{"rendered":"<div data-elementor-type=\"wp-page\" data-elementor-id=\"33\" class=\"elementor elementor-33\" data-elementor-post-type=\"page\">\n\t\t\t\t<div class=\"elementor-element elementor-element-118e12c e-con-full e-flex e-con e-parent\" data-id=\"118e12c\" data-element_type=\"container\" data-settings=\"{&quot;background_background&quot;:&quot;slideshow&quot;,&quot;background_slideshow_gallery&quot;:[{&quot;id&quot;:119,&quot;url&quot;:&quot;https:\\\/\\\/royaldrivingexperience.com\\\/wp-content\\\/uploads\\\/2023\\\/12\\\/4O2R3506.jpg&quot;},{&quot;id&quot;:108,&quot;url&quot;:&quot;https:\\\/\\\/royaldrivingexperience.com\\\/wp-content\\\/uploads\\\/2023\\\/12\\\/10.jpg&quot;}],&quot;background_slideshow_lazyload&quot;:&quot;yes&quot;,&quot;background_slideshow_loop&quot;:&quot;yes&quot;,&quot;background_slideshow_slide_duration&quot;:5000,&quot;background_slideshow_slide_transition&quot;:&quot;fade&quot;,&quot;background_slideshow_transition_duration&quot;:500}\">\n\t\t\t\t<div class=\"elementor-element elementor-element-1c347aa elementor--h-position-center elementor--v-position-middle elementor-widget elementor-widget-slides\" data-id=\"1c347aa\" data-element_type=\"widget\" data-settings=\"{&quot;navigation&quot;:&quot;none&quot;,&quot;transition_speed&quot;:400,&quot;autoplay&quot;:&quot;yes&quot;,&quot;autoplay_speed&quot;:5000,&quot;infinite&quot;:&quot;yes&quot;,&quot;transition&quot;:&quot;slide&quot;}\" data-widget_type=\"slides.default\">\n\t\t\t\t<div class=\"elementor-widget-container\">\n\t\t\t\t\t\t\t\t\t<div class=\"elementor-swiper\">\n\t\t\t\t\t<div class=\"elementor-slides-wrapper elementor-main-swiper swiper\" role=\"region\" aria-roledescription=\"carousel\" aria-label=\"Diapositives\" dir=\"ltr\" data-animation=\"fadeInRight\">\n\t\t\t\t<div class=\"swiper-wrapper elementor-slides\">\n\t\t\t\t\t\t\t\t\t\t<div class=\"elementor-repeater-item-85c1166 swiper-slide\" role=\"group\" aria-roledescription=\"slide\"><div class=\"swiper-slide-bg\" role=\"img\"><\/div><div class=\"swiper-slide-inner\" ><div class=\"swiper-slide-contents\"><div class=\"elementor-slide-heading\">#RoyalDriving<\/div><div class=\"elementor-slide-description\">Courmayeur - Mont Blanc<\/div><\/div><\/div><\/div><div class=\"elementor-repeater-item-fdc2991 swiper-slide\" role=\"group\" aria-roledescription=\"slide\"><div class=\"swiper-slide-bg\" role=\"img\"><\/div><div class=\"swiper-slide-inner\" ><div class=\"swiper-slide-contents\"><div class=\"elementor-slide-heading\">#DrivingSchool<\/div><div class=\"elementor-slide-description\">Courmayeur - Mont Blanc<\/div><\/div><\/div><\/div>\t\t\t\t<\/div>\n\t\t\t\t\t\t\t\t\t\t\t\t\t\t\t\t\t\t\t\t\t<\/div>\n\t\t\t\t<\/div>\n\t\t\t\t\t\t\t\t<\/div>\n\t\t\t\t<\/div>\n\t\t\t\t<\/div>\n\t\t<div class=\"elementor-element elementor-element-a88a446 e-flex e-con-boxed elementor-invisible e-con e-parent\" data-id=\"a88a446\" data-element_type=\"container\" data-settings=\"{&quot;animation&quot;:&quot;fadeIn&quot;}\">\n\t\t\t\t\t<div class=\"e-con-inner\">\n\t\t\t\t<div class=\"elementor-element elementor-element-d3ef38c elementor-widget elementor-widget-heading\" data-id=\"d3ef38c\" data-element_type=\"widget\" data-widget_type=\"heading.default\">\n\t\t\t\t<div class=\"elementor-widget-container\">\n\t\t\t\t\t<h2 class=\"elementor-heading-title elementor-size-default\">Royal School<\/h2>\t\t\t\t<\/div>\n\t\t\t\t<\/div>\n\t\t\t\t<div class=\"elementor-element elementor-element-ef56763 elementor-widget elementor-widget-heading\" data-id=\"ef56763\" data-element_type=\"widget\" data-widget_type=\"heading.default\">\n\t\t\t\t<div class=\"elementor-widget-container\">\n\t\t\t\t\t<p class=\"elementor-heading-title elementor-size-default\">Courmayeur<\/p>\t\t\t\t<\/div>\n\t\t\t\t<\/div>\n\t\t\t\t\t<\/div>\n\t\t\t\t<\/div>\n\t\t<div class=\"elementor-element elementor-element-7242ab2 e-con-full e-flex elementor-invisible e-con e-parent\" data-id=\"7242ab2\" data-element_type=\"container\" data-settings=\"{&quot;animation&quot;:&quot;fadeIn&quot;}\">\n\t\t<div class=\"elementor-element elementor-element-4914897 e-con-full e-flex e-con e-child\" data-id=\"4914897\" data-element_type=\"container\" data-settings=\"{&quot;background_background&quot;:&quot;video&quot;,&quot;background_video_link&quot;:&quot;https:\\\/\\\/royaldrivingexperience.com\\\/wp-content\\\/uploads\\\/2023\\\/12\\\/2.mp4&quot;,&quot;background_play_on_mobile&quot;:&quot;yes&quot;}\">\n\t\t<div class=\"elementor-background-video-container\">\n\t\t\t\t\t\t\t<video class=\"elementor-background-video-hosted\" autoplay muted playsinline loop><\/video>\n\t\t\t\t\t<\/div>\t\t<div class=\"elementor-element elementor-element-7c8e7b8 elementor-widget elementor-widget-spacer\" data-id=\"7c8e7b8\" data-element_type=\"widget\" data-widget_type=\"spacer.default\">\n\t\t\t\t<div class=\"elementor-widget-container\">\n\t\t\t\t\t\t\t<div class=\"elementor-spacer\">\n\t\t\t<div class=\"elementor-spacer-inner\"><\/div>\n\t\t<\/div>\n\t\t\t\t\t\t<\/div>\n\t\t\t\t<\/div>\n\t\t\t\t<\/div>\n\t\t<div class=\"elementor-element elementor-element-2e72b96 e-con-full e-flex e-con e-child\" data-id=\"2e72b96\" data-element_type=\"container\" data-settings=\"{&quot;background_background&quot;:&quot;video&quot;}\">\n\t\t<div class=\"elementor-element elementor-element-87cec72 e-flex e-con-boxed e-con e-child\" data-id=\"87cec72\" data-element_type=\"container\">\n\t\t\t\t\t<div class=\"e-con-inner\">\n\t\t\t\t<div class=\"elementor-element elementor-element-a0832cb elementor-widget elementor-widget-text-editor\" data-id=\"a0832cb\" data-element_type=\"widget\" data-widget_type=\"text-editor.default\">\n\t\t\t\t<div class=\"elementor-widget-container\">\n\t\t\t\t\t\t\t\t\t<p>La Royal School est situ\u00e9e \u00e0 Courmayeur, dans la r\u00e9gion d'Entrev\u00e8s. L'\u00e9tablissement est ouvert \u00e0 tous ceux qui souhaitent suivre des cours de conduite s\u00e9curitaire, tels que les organisations de secours, les constructeurs automobiles et les fabricants de pneus.<br \/>La piste est \u00e9quip\u00e9e d'un syst\u00e8me d'\u00e9clairage puissant, d'un enneigement artificiel et d'installations d'irrigation, permettant des conditions id\u00e9ales pour des essais de conduite de tous types sur neige, glace et surfaces mouill\u00e9es tout au long de l'ann\u00e9e.<br \/>Nos conducteurs mettront \u00e0 disposition toute leur expertise en dispensant des cours de conduite sur neige et glace (selon les conditions m\u00e9t\u00e9orologiques). Les particuliers peuvent \u00e9galement r\u00e9server la piste pour l'utiliser avec leur propre v\u00e9hicule et vivre des conditions de conduite extr\u00eames.<\/p>\t\t\t\t\t\t\t\t<\/div>\n\t\t\t\t<\/div>\n\t\t\t\t\t<\/div>\n\t\t\t\t<\/div>\n\t\t\t\t<\/div>\n\t\t\t\t<\/div>\n\t\t<div class=\"elementor-element elementor-element-e474427 e-flex e-con-boxed elementor-invisible e-con e-parent\" data-id=\"e474427\" data-element_type=\"container\" data-settings=\"{&quot;animation&quot;:&quot;fadeIn&quot;}\">\n\t\t\t\t\t<div class=\"e-con-inner\">\n\t\t\t\t<div class=\"elementor-element elementor-element-faa4b49 elementor-widget elementor-widget-heading\" data-id=\"faa4b49\" data-element_type=\"widget\" data-widget_type=\"heading.default\">\n\t\t\t\t<div class=\"elementor-widget-container\">\n\t\t\t\t\t<h2 class=\"elementor-heading-title elementor-size-default\">Snow School<\/h2>\t\t\t\t<\/div>\n\t\t\t\t<\/div>\n\t\t\t\t<div class=\"elementor-element elementor-element-0eb9e22 elementor-widget elementor-widget-heading\" data-id=\"0eb9e22\" data-element_type=\"widget\" data-widget_type=\"heading.default\">\n\t\t\t\t<div class=\"elementor-widget-container\">\n\t\t\t\t\t<p class=\"elementor-heading-title elementor-size-default\">Images moments<\/p>\t\t\t\t<\/div>\n\t\t\t\t<\/div>\n\t\t\t\t\t<\/div>\n\t\t\t\t<\/div>\n\t\t<div class=\"elementor-element elementor-element-e3f8bef e-con-full e-flex e-con e-parent\" data-id=\"e3f8bef\" data-element_type=\"container\">\n\t\t\t\t<div class=\"elementor-element elementor-element-caad60a elementor-widget elementor-widget-gallery\" data-id=\"caad60a\" data-element_type=\"widget\" data-settings=\"{&quot;columns&quot;:3,&quot;aspect_ratio&quot;:&quot;4:3&quot;,&quot;gap_tablet&quot;:{&quot;unit&quot;:&quot;px&quot;,&quot;size&quot;:20,&quot;sizes&quot;:[]},&quot;gap_mobile&quot;:{&quot;unit&quot;:&quot;px&quot;,&quot;size&quot;:15,&quot;sizes&quot;:[]},&quot;gap&quot;:{&quot;unit&quot;:&quot;px&quot;,&quot;size&quot;:25,&quot;sizes&quot;:[]},&quot;lazyload&quot;:&quot;yes&quot;,&quot;gallery_layout&quot;:&quot;grid&quot;,&quot;columns_tablet&quot;:2,&quot;columns_mobile&quot;:1,&quot;link_to&quot;:&quot;file&quot;,&quot;overlay_background&quot;:&quot;yes&quot;,&quot;content_hover_animation&quot;:&quot;fade-in&quot;}\" data-widget_type=\"gallery.default\">\n\t\t\t\t<div class=\"elementor-widget-container\">\n\t\t\t\t\t\t\t<div class=\"elementor-gallery__container\">\n\t\t\t\t\t\t\t<a class=\"e-gallery-item elementor-gallery-item elementor-animated-content\" href=\"https:\/\/royaldrivingexperience.com\/wp-content\/uploads\/2023\/12\/14.jpg\" data-elementor-open-lightbox=\"yes\" data-elementor-lightbox-slideshow=\"caad60a\" data-elementor-lightbox-title=\"14\" data-e-action-hash=\"#elementor-action%3Aaction%3Dlightbox%26settings%3DeyJpZCI6MTEwLCJ1cmwiOiJodHRwczpcL1wvcm95YWxkcml2aW5nZXhwZXJpZW5jZS5jb21cL3dwLWNvbnRlbnRcL3VwbG9hZHNcLzIwMjNcLzEyXC8xNC5qcGciLCJzbGlkZXNob3ciOiJjYWFkNjBhIn0%3D\">\n\t\t\t\t\t<div class=\"e-gallery-image elementor-gallery-item__image\" data-thumbnail=\"https:\/\/royaldrivingexperience.com\/wp-content\/uploads\/2023\/12\/14.jpg\" data-width=\"1600\" data-height=\"1067\" aria-label=\"\" role=\"img\" ><\/div>\n\t\t\t\t\t\t\t\t\t\t\t<div class=\"elementor-gallery-item__overlay\"><\/div>\n\t\t\t\t\t\t\t\t\t\t\t\t\t\t<\/a>\n\t\t\t\t\t\t\t<a class=\"e-gallery-item elementor-gallery-item elementor-animated-content\" href=\"https:\/\/royaldrivingexperience.com\/wp-content\/uploads\/2023\/12\/20.jpg\" data-elementor-open-lightbox=\"yes\" data-elementor-lightbox-slideshow=\"caad60a\" data-elementor-lightbox-title=\"20\" data-e-action-hash=\"#elementor-action%3Aaction%3Dlightbox%26settings%3DeyJpZCI6MTEyLCJ1cmwiOiJodHRwczpcL1wvcm95YWxkcml2aW5nZXhwZXJpZW5jZS5jb21cL3dwLWNvbnRlbnRcL3VwbG9hZHNcLzIwMjNcLzEyXC8yMC5qcGciLCJzbGlkZXNob3ciOiJjYWFkNjBhIn0%3D\">\n\t\t\t\t\t<div class=\"e-gallery-image elementor-gallery-item__image\" data-thumbnail=\"https:\/\/royaldrivingexperience.com\/wp-content\/uploads\/2023\/12\/20.jpg\" data-width=\"1600\" data-height=\"1067\" aria-label=\"\" role=\"img\" ><\/div>\n\t\t\t\t\t\t\t\t\t\t\t<div class=\"elementor-gallery-item__overlay\"><\/div>\n\t\t\t\t\t\t\t\t\t\t\t\t\t\t<\/a>\n\t\t\t\t\t\t\t<a class=\"e-gallery-item elementor-gallery-item elementor-animated-content\" href=\"https:\/\/royaldrivingexperience.com\/wp-content\/uploads\/2023\/12\/10.jpg\" data-elementor-open-lightbox=\"yes\" data-elementor-lightbox-slideshow=\"caad60a\" data-elementor-lightbox-title=\"10\" data-e-action-hash=\"#elementor-action%3Aaction%3Dlightbox%26settings%3DeyJpZCI6MTA4LCJ1cmwiOiJodHRwczpcL1wvcm95YWxkcml2aW5nZXhwZXJpZW5jZS5jb21cL3dwLWNvbnRlbnRcL3VwbG9hZHNcLzIwMjNcLzEyXC8xMC5qcGciLCJzbGlkZXNob3ciOiJjYWFkNjBhIn0%3D\">\n\t\t\t\t\t<div class=\"e-gallery-image elementor-gallery-item__image\" data-thumbnail=\"https:\/\/royaldrivingexperience.com\/wp-content\/uploads\/2023\/12\/10.jpg\" data-width=\"1600\" data-height=\"1067\" aria-label=\"\" role=\"img\" ><\/div>\n\t\t\t\t\t\t\t\t\t\t\t<div class=\"elementor-gallery-item__overlay\"><\/div>\n\t\t\t\t\t\t\t\t\t\t\t\t\t\t<\/a>\n\t\t\t\t\t\t\t<a class=\"e-gallery-item elementor-gallery-item elementor-animated-content\" href=\"https:\/\/royaldrivingexperience.com\/wp-content\/uploads\/2023\/12\/12.jpg\" data-elementor-open-lightbox=\"yes\" data-elementor-lightbox-slideshow=\"caad60a\" data-elementor-lightbox-title=\"12\" data-e-action-hash=\"#elementor-action%3Aaction%3Dlightbox%26settings%3DeyJpZCI6MTA5LCJ1cmwiOiJodHRwczpcL1wvcm95YWxkcml2aW5nZXhwZXJpZW5jZS5jb21cL3dwLWNvbnRlbnRcL3VwbG9hZHNcLzIwMjNcLzEyXC8xMi5qcGciLCJzbGlkZXNob3ciOiJjYWFkNjBhIn0%3D\">\n\t\t\t\t\t<div class=\"e-gallery-image elementor-gallery-item__image\" data-thumbnail=\"https:\/\/royaldrivingexperience.com\/wp-content\/uploads\/2023\/12\/12.jpg\" data-width=\"1600\" data-height=\"1067\" aria-label=\"\" role=\"img\" ><\/div>\n\t\t\t\t\t\t\t\t\t\t\t<div class=\"elementor-gallery-item__overlay\"><\/div>\n\t\t\t\t\t\t\t\t\t\t\t\t\t\t<\/a>\n\t\t\t\t\t\t\t<a class=\"e-gallery-item elementor-gallery-item elementor-animated-content\" href=\"https:\/\/royaldrivingexperience.com\/wp-content\/uploads\/2023\/12\/16.jpg\" data-elementor-open-lightbox=\"yes\" data-elementor-lightbox-slideshow=\"caad60a\" data-elementor-lightbox-title=\"16\" data-e-action-hash=\"#elementor-action%3Aaction%3Dlightbox%26settings%3DeyJpZCI6MTExLCJ1cmwiOiJodHRwczpcL1wvcm95YWxkcml2aW5nZXhwZXJpZW5jZS5jb21cL3dwLWNvbnRlbnRcL3VwbG9hZHNcLzIwMjNcLzEyXC8xNi5qcGciLCJzbGlkZXNob3ciOiJjYWFkNjBhIn0%3D\">\n\t\t\t\t\t<div class=\"e-gallery-image elementor-gallery-item__image\" data-thumbnail=\"https:\/\/royaldrivingexperience.com\/wp-content\/uploads\/2023\/12\/16.jpg\" data-width=\"1600\" data-height=\"1067\" aria-label=\"\" role=\"img\" ><\/div>\n\t\t\t\t\t\t\t\t\t\t\t<div class=\"elementor-gallery-item__overlay\"><\/div>\n\t\t\t\t\t\t\t\t\t\t\t\t\t\t<\/a>\n\t\t\t\t\t\t\t<a class=\"e-gallery-item elementor-gallery-item elementor-animated-content\" href=\"https:\/\/royaldrivingexperience.com\/wp-content\/uploads\/2023\/12\/22.jpg\" data-elementor-open-lightbox=\"yes\" data-elementor-lightbox-slideshow=\"caad60a\" data-elementor-lightbox-title=\"22\" data-e-action-hash=\"#elementor-action%3Aaction%3Dlightbox%26settings%3DeyJpZCI6MTEzLCJ1cmwiOiJodHRwczpcL1wvcm95YWxkcml2aW5nZXhwZXJpZW5jZS5jb21cL3dwLWNvbnRlbnRcL3VwbG9hZHNcLzIwMjNcLzEyXC8yMi5qcGciLCJzbGlkZXNob3ciOiJjYWFkNjBhIn0%3D\">\n\t\t\t\t\t<div class=\"e-gallery-image elementor-gallery-item__image\" data-thumbnail=\"https:\/\/royaldrivingexperience.com\/wp-content\/uploads\/2023\/12\/22.jpg\" data-width=\"1600\" data-height=\"1067\" aria-label=\"\" role=\"img\" ><\/div>\n\t\t\t\t\t\t\t\t\t\t\t<div class=\"elementor-gallery-item__overlay\"><\/div>\n\t\t\t\t\t\t\t\t\t\t\t\t\t\t<\/a>\n\t\t\t\t\t\t\t<a class=\"e-gallery-item elementor-gallery-item elementor-animated-content\" href=\"https:\/\/royaldrivingexperience.com\/wp-content\/uploads\/2023\/12\/23.jpg\" data-elementor-open-lightbox=\"yes\" data-elementor-lightbox-slideshow=\"caad60a\" data-elementor-lightbox-title=\"23\" data-e-action-hash=\"#elementor-action%3Aaction%3Dlightbox%26settings%3DeyJpZCI6MTE0LCJ1cmwiOiJodHRwczpcL1wvcm95YWxkcml2aW5nZXhwZXJpZW5jZS5jb21cL3dwLWNvbnRlbnRcL3VwbG9hZHNcLzIwMjNcLzEyXC8yMy5qcGciLCJzbGlkZXNob3ciOiJjYWFkNjBhIn0%3D\">\n\t\t\t\t\t<div class=\"e-gallery-image elementor-gallery-item__image\" data-thumbnail=\"https:\/\/royaldrivingexperience.com\/wp-content\/uploads\/2023\/12\/23.jpg\" data-width=\"1600\" data-height=\"1067\" aria-label=\"\" role=\"img\" ><\/div>\n\t\t\t\t\t\t\t\t\t\t\t<div class=\"elementor-gallery-item__overlay\"><\/div>\n\t\t\t\t\t\t\t\t\t\t\t\t\t\t<\/a>\n\t\t\t\t\t<\/div>\n\t\t\t\t\t<\/div>\n\t\t\t\t<\/div>\n\t\t\t\t<\/div>\n\t\t<div class=\"elementor-element elementor-element-e512748 e-flex e-con-boxed elementor-invisible e-con e-parent\" data-id=\"e512748\" data-element_type=\"container\" data-settings=\"{&quot;animation&quot;:&quot;fadeIn&quot;}\">\n\t\t\t\t\t<div class=\"e-con-inner\">\n\t\t\t\t<div class=\"elementor-element elementor-element-f8a99de elementor-widget elementor-widget-heading\" data-id=\"f8a99de\" data-element_type=\"widget\" data-widget_type=\"heading.default\">\n\t\t\t\t<div class=\"elementor-widget-container\">\n\t\t\t\t\t<h2 class=\"elementor-heading-title elementor-size-default\">La Piste<\/h2>\t\t\t\t<\/div>\n\t\t\t\t<\/div>\n\t\t\t\t<div class=\"elementor-element elementor-element-dfa5ba0 elementor-widget elementor-widget-heading\" data-id=\"dfa5ba0\" data-element_type=\"widget\" data-widget_type=\"heading.default\">\n\t\t\t\t<div class=\"elementor-widget-container\">\n\t\t\t\t\t<p class=\"elementor-heading-title elementor-size-default\">Voitures<\/p>\t\t\t\t<\/div>\n\t\t\t\t<\/div>\n\t\t\t\t\t<\/div>\n\t\t\t\t<\/div>\n\t\t<div class=\"elementor-element elementor-element-f81c764 e-con-full e-flex elementor-invisible e-con e-parent\" data-id=\"f81c764\" data-element_type=\"container\" data-settings=\"{&quot;animation&quot;:&quot;fadeIn&quot;}\">\n\t\t<div class=\"elementor-element elementor-element-f78edb6 e-con-full e-flex e-con e-child\" data-id=\"f78edb6\" data-element_type=\"container\">\n\t\t<div class=\"elementor-element elementor-element-bc3a61d e-flex e-con-boxed e-con e-child\" data-id=\"bc3a61d\" data-element_type=\"container\">\n\t\t\t\t\t<div class=\"e-con-inner\">\n\t\t\t\t<div class=\"elementor-element elementor-element-516cddb elementor-widget elementor-widget-text-editor\" data-id=\"516cddb\" data-element_type=\"widget\" data-widget_type=\"text-editor.default\">\n\t\t\t\t<div class=\"elementor-widget-container\">\n\t\t\t\t\t\t\t\t\t<p>La piste a une longueur maximale de 1 500 m\u00e8tres, avec une section droite de 280 m\u00e8tres.<br \/>C'est la seule piste en asphalte dans le nord de l'Italie.<\/p>\t\t\t\t\t\t\t\t<\/div>\n\t\t\t\t<\/div>\n\t\t\t\t\t<\/div>\n\t\t\t\t<\/div>\n\t\t\t\t<\/div>\n\t\t<div class=\"elementor-element elementor-element-10249e4 e-con-full e-flex e-con e-child\" data-id=\"10249e4\" data-element_type=\"container\">\n\t\t\t\t<div class=\"elementor-element elementor-element-100f76c elementor-widget elementor-widget-image\" data-id=\"100f76c\" data-element_type=\"widget\" data-widget_type=\"image.default\">\n\t\t\t\t<div class=\"elementor-widget-container\">\n\t\t\t\t\t\t\t\t\t\t\t\t\t\t\t<img fetchpriority=\"high\" decoding=\"async\" width=\"1500\" height=\"690\" src=\"https:\/\/royaldrivingexperience.com\/wp-content\/uploads\/2023\/12\/pista-royal-driving-experience.jpg\" class=\"attachment-full size-full wp-image-683\" alt=\"\" srcset=\"https:\/\/royaldrivingexperience.com\/wp-content\/uploads\/2023\/12\/pista-royal-driving-experience.jpg 1500w, https:\/\/royaldrivingexperience.com\/wp-content\/uploads\/2023\/12\/pista-royal-driving-experience-300x138.jpg 300w, https:\/\/royaldrivingexperience.com\/wp-content\/uploads\/2023\/12\/pista-royal-driving-experience-1024x471.jpg 1024w, https:\/\/royaldrivingexperience.com\/wp-content\/uploads\/2023\/12\/pista-royal-driving-experience-768x353.jpg 768w, https:\/\/royaldrivingexperience.com\/wp-content\/uploads\/2023\/12\/pista-royal-driving-experience-18x8.jpg 18w\" sizes=\"(max-width: 1500px) 100vw, 1500px\" \/>\t\t\t\t\t\t\t\t\t\t\t\t\t\t\t<\/div>\n\t\t\t\t<\/div>\n\t\t\t\t<\/div>\n\t\t\t\t<\/div>\n\t\t\t\t<\/div>","protected":false},"excerpt":{"rendered":"<p>#RoyalDrivingCourmayeur &#8211; Mont Blanc#DrivingSchoolCourmayeur &#8211; Mont Blanc Royal School Courmayeur La Royal Driving School si trova a Courmayeur, in localit\u00e0 Entrev\u00e8s. L\u2019impianto \u00e8 rivolto a chiunque vorr\u00e0 seguire corsi di guida sicura, come ad esempio enti ed associazioni di soccorso oltre che case automobilistiche e produttrici di pneumatici.La pista \u00e8 dotata di un potente sistema [&hellip;]<\/p>","protected":false},"author":1,"featured_media":0,"parent":0,"menu_order":0,"comment_status":"closed","ping_status":"closed","template":"elementor_header_footer","meta":{"inline_featured_image":false,"footnotes":""},"class_list":["post-33","page","type-page","status-publish","hentry"],"_links":{"self":[{"href":"http:\/\/royaldrivingexperience.com\/fr\/wp-json\/wp\/v2\/pages\/33","targetHints":{"allow":["GET"]}}],"collection":[{"href":"http:\/\/royaldrivingexperience.com\/fr\/wp-json\/wp\/v2\/pages"}],"about":[{"href":"http:\/\/royaldrivingexperience.com\/fr\/wp-json\/wp\/v2\/types\/page"}],"author":[{"embeddable":true,"href":"http:\/\/royaldrivingexperience.com\/fr\/wp-json\/wp\/v2\/users\/1"}],"replies":[{"embeddable":true,"href":"http:\/\/royaldrivingexperience.com\/fr\/wp-json\/wp\/v2\/comments?post=33"}],"version-history":[{"count":0,"href":"http:\/\/royaldrivingexperience.com\/fr\/wp-json\/wp\/v2\/pages\/33\/revisions"}],"wp:attachment":[{"href":"http:\/\/royaldrivingexperience.com\/fr\/wp-json\/wp\/v2\/media?parent=33"}],"curies":[{"name":"wp","href":"https:\/\/api.w.org\/{rel}","templated":true}]}}