{"id":59,"date":"2023-12-05T21:35:01","date_gmt":"2023-12-05T21:35:01","guid":{"rendered":"http:\/\/royaldrivingexperience.com\/?page_id=59"},"modified":"2023-12-30T11:55:00","modified_gmt":"2023-12-30T10:55:00","slug":"location","status":"publish","type":"page","link":"http:\/\/royaldrivingexperience.com\/fr\/location\/","title":{"rendered":"Location"},"content":{"rendered":"<div data-elementor-type=\"wp-page\" data-elementor-id=\"59\" class=\"elementor elementor-59\" data-elementor-post-type=\"page\">\n\t\t\t\t<div class=\"elementor-element elementor-element-ca136dd e-con-full e-flex e-con e-parent\" data-id=\"ca136dd\" data-element_type=\"container\" data-settings=\"{&quot;background_background&quot;:&quot;video&quot;,&quot;background_video_link&quot;:&quot;https:\\\/\\\/royaldrivingexperience.com\\\/wp-content\\\/uploads\\\/2023\\\/12\\\/Vid.mp4&quot;,&quot;background_play_on_mobile&quot;:&quot;yes&quot;}\">\n\t\t<div class=\"elementor-background-video-container\">\n\t\t\t\t\t\t\t<video class=\"elementor-background-video-hosted\" autoplay muted playsinline loop><\/video>\n\t\t\t\t\t<\/div>\t\t<div class=\"elementor-element elementor-element-36c0aa3 elementor-invisible elementor-widget elementor-widget-heading\" data-id=\"36c0aa3\" data-element_type=\"widget\" data-settings=\"{&quot;_animation&quot;:&quot;fadeInRight&quot;}\" data-widget_type=\"heading.default\">\n\t\t\t\t<div class=\"elementor-widget-container\">\n\t\t\t\t\t<h2 class=\"elementor-heading-title elementor-size-default\">#MontBlanc<\/h2>\t\t\t\t<\/div>\n\t\t\t\t<\/div>\n\t\t\t\t<div class=\"elementor-element elementor-element-f6dfdc9 elementor-invisible elementor-widget elementor-widget-heading\" data-id=\"f6dfdc9\" data-element_type=\"widget\" data-settings=\"{&quot;_animation&quot;:&quot;fadeInRight&quot;}\" data-widget_type=\"heading.default\">\n\t\t\t\t<div class=\"elementor-widget-container\">\n\t\t\t\t\t<p class=\"elementor-heading-title elementor-size-default\">Courmayeur<\/p>\t\t\t\t<\/div>\n\t\t\t\t<\/div>\n\t\t\t\t<\/div>\n\t\t<div class=\"elementor-element elementor-element-10b5e20 e-flex e-con-boxed elementor-invisible e-con e-parent\" data-id=\"10b5e20\" data-element_type=\"container\" data-settings=\"{&quot;animation&quot;:&quot;fadeIn&quot;}\">\n\t\t\t\t\t<div class=\"e-con-inner\">\n\t\t\t\t<div class=\"elementor-element elementor-element-523802c elementor-widget elementor-widget-heading\" data-id=\"523802c\" data-element_type=\"widget\" data-widget_type=\"heading.default\">\n\t\t\t\t<div class=\"elementor-widget-container\">\n\t\t\t\t\t<h2 class=\"elementor-heading-title elementor-size-default\">COURMAYEUR<\/h2>\t\t\t\t<\/div>\n\t\t\t\t<\/div>\n\t\t\t\t<div class=\"elementor-element elementor-element-d9dd8ff elementor-widget elementor-widget-heading\" data-id=\"d9dd8ff\" data-element_type=\"widget\" data-widget_type=\"heading.default\">\n\t\t\t\t<div class=\"elementor-widget-container\">\n\t\t\t\t\t<p class=\"elementor-heading-title elementor-size-default\">Une Destination Id\u00e9ale<\/p>\t\t\t\t<\/div>\n\t\t\t\t<\/div>\n\t\t\t\t\t<\/div>\n\t\t\t\t<\/div>\n\t\t<div class=\"elementor-element elementor-element-1492387 e-con-full e-flex elementor-invisible e-con e-parent\" data-id=\"1492387\" data-element_type=\"container\" data-settings=\"{&quot;animation&quot;:&quot;fadeIn&quot;}\">\n\t\t<div class=\"elementor-element elementor-element-dc2f6f6 e-con-full e-flex e-con e-child\" data-id=\"dc2f6f6\" data-element_type=\"container\">\n\t\t\t\t<div class=\"elementor-element elementor-element-0a46153 elementor-widget elementor-widget-image\" data-id=\"0a46153\" data-element_type=\"widget\" data-widget_type=\"image.default\">\n\t\t\t\t<div class=\"elementor-widget-container\">\n\t\t\t\t\t\t\t\t\t\t\t\t\t\t\t<img fetchpriority=\"high\" decoding=\"async\" width=\"1600\" height=\"1005\" src=\"https:\/\/royaldrivingexperience.com\/wp-content\/uploads\/2023\/12\/2.jpg\" class=\"attachment-full size-full wp-image-471\" alt=\"\" srcset=\"https:\/\/royaldrivingexperience.com\/wp-content\/uploads\/2023\/12\/2.jpg 1600w, https:\/\/royaldrivingexperience.com\/wp-content\/uploads\/2023\/12\/2-300x188.jpg 300w, https:\/\/royaldrivingexperience.com\/wp-content\/uploads\/2023\/12\/2-1024x643.jpg 1024w, https:\/\/royaldrivingexperience.com\/wp-content\/uploads\/2023\/12\/2-768x482.jpg 768w, https:\/\/royaldrivingexperience.com\/wp-content\/uploads\/2023\/12\/2-1536x965.jpg 1536w\" sizes=\"(max-width: 1600px) 100vw, 1600px\" \/>\t\t\t\t\t\t\t\t\t\t\t\t\t\t\t<\/div>\n\t\t\t\t<\/div>\n\t\t\t\t<\/div>\n\t\t<div class=\"elementor-element elementor-element-7eafa74 e-con-full e-flex e-con e-child\" data-id=\"7eafa74\" data-element_type=\"container\">\n\t\t<div class=\"elementor-element elementor-element-b1a8220 e-flex e-con-boxed e-con e-child\" data-id=\"b1a8220\" data-element_type=\"container\">\n\t\t\t\t\t<div class=\"e-con-inner\">\n\t\t\t\t<div class=\"elementor-element elementor-element-1094e56 elementor-widget elementor-widget-text-editor\" data-id=\"1094e56\" data-element_type=\"widget\" data-widget_type=\"text-editor.default\">\n\t\t\t\t<div class=\"elementor-widget-container\">\n\t\t\t\t\t\t\t\t\t<p>Courmayeur est nich\u00e9e au pied du Mont Blanc dans les Alpes italiennes et repr\u00e9sente la destination id\u00e9ale pour ceux qui souhaitent explorer les attractions offertes par le sommet le plus \u00e9lev\u00e9 d'Europe. C'est un carrefour strat\u00e9gique pour visiter les beaut\u00e9s des Alpes italiennes, suisses et fran\u00e7aises. Les activit\u00e9s sont disponibles toute l'ann\u00e9e, avec la neige qui prend le devant de la sc\u00e8ne en hiver, tandis que l'\u00e9t\u00e9 met en lumi\u00e8re la randonn\u00e9e. L'attraction principale est sans aucun doute la Sky Way Monte Bianco, la huiti\u00e8me merveille du monde - un t\u00e9l\u00e9ph\u00e9rique avant-gardiste qui relie Courmayeur aux 3 492 m\u00e8tres de la Punta Helbronner dans le massif du Mont Blanc.<br \/>Toute l'ann\u00e9e, vous pouvez visiter une ferme et d\u00e9couvrir les secrets de la production du fromage fontina ou vous lancer dans une aventure en Quad.<\/p>\t\t\t\t\t\t\t\t<\/div>\n\t\t\t\t<\/div>\n\t\t\t\t\t<\/div>\n\t\t\t\t<\/div>\n\t\t\t\t<\/div>\n\t\t\t\t<\/div>\n\t\t<div class=\"elementor-element elementor-element-4a2e498 e-con-full e-flex elementor-invisible e-con e-parent\" data-id=\"4a2e498\" data-element_type=\"container\" data-settings=\"{&quot;animation&quot;:&quot;fadeIn&quot;}\">\n\t\t<div class=\"elementor-element elementor-element-b300b78 e-con-full e-flex e-con e-child\" data-id=\"b300b78\" data-element_type=\"container\" data-settings=\"{&quot;background_background&quot;:&quot;video&quot;}\">\n\t\t<div class=\"elementor-element elementor-element-7b3a90d e-flex e-con-boxed e-con e-child\" data-id=\"7b3a90d\" data-element_type=\"container\">\n\t\t\t\t\t<div class=\"e-con-inner\">\n\t\t\t\t<div class=\"elementor-element elementor-element-9a2285a elementor-widget elementor-widget-text-editor\" data-id=\"9a2285a\" data-element_type=\"widget\" data-widget_type=\"text-editor.default\">\n\t\t\t\t<div class=\"elementor-widget-container\">\n\t\t\t\t\t\t\t\t\t<p>Pendant les mois d'hiver, vous pouvez skier sur les pistes du domaine skiable de Courmayeur ou effectuer un essai sur la nouvelle piste du Grand Hotel Royal and Golf. Ne manquez pas un d\u00eener typique vald\u00f4tain sur les pistes de ski ou un ap\u00e9ritif \"Wild\" dans un \"Pardes\" (un salon de neige orn\u00e9 de fourrures). Pour les amoureux de la nature, il existe des possibilit\u00e9s de VTT dans les for\u00eats enneig\u00e9es, des excursions en tra\u00eeneau \u00e0 chiens ou du ski de fond sur le circuit de la Val Ferret. Enfin, pour ceux qui recherchent des exp\u00e9riences uniques, vous pouvez pratiquer le Kitesnow ou prendre un vol en h\u00e9licopt\u00e8re au-dessus du Mont Blanc.<\/p>\t\t\t\t\t\t\t\t<\/div>\n\t\t\t\t<\/div>\n\t\t\t\t\t<\/div>\n\t\t\t\t<\/div>\n\t\t\t\t<\/div>\n\t\t<div class=\"elementor-element elementor-element-fb56ca4 e-con-full e-flex e-con e-child\" data-id=\"fb56ca4\" data-element_type=\"container\" data-settings=\"{&quot;background_background&quot;:&quot;video&quot;,&quot;background_video_link&quot;:&quot;https:\\\/\\\/royaldrivingexperience.com\\\/wp-content\\\/uploads\\\/2023\\\/12\\\/Anim1.mp4&quot;,&quot;background_play_on_mobile&quot;:&quot;yes&quot;}\">\n\t\t<div class=\"elementor-background-video-container\">\n\t\t\t\t\t\t\t<video class=\"elementor-background-video-hosted\" autoplay muted playsinline loop><\/video>\n\t\t\t\t\t<\/div>\t\t<div class=\"elementor-element elementor-element-b75f571 elementor-widget elementor-widget-spacer\" data-id=\"b75f571\" data-element_type=\"widget\" data-widget_type=\"spacer.default\">\n\t\t\t\t<div class=\"elementor-widget-container\">\n\t\t\t\t\t\t\t<div class=\"elementor-spacer\">\n\t\t\t<div class=\"elementor-spacer-inner\"><\/div>\n\t\t<\/div>\n\t\t\t\t\t\t<\/div>\n\t\t\t\t<\/div>\n\t\t\t\t<\/div>\n\t\t\t\t<\/div>\n\t\t<div class=\"elementor-element elementor-element-2d858a6 e-con-full e-flex elementor-invisible e-con e-parent\" data-id=\"2d858a6\" data-element_type=\"container\" data-settings=\"{&quot;animation&quot;:&quot;fadeIn&quot;}\">\n\t\t<div class=\"elementor-element elementor-element-a531e11 e-con-full e-flex e-con e-child\" data-id=\"a531e11\" data-element_type=\"container\">\n\t\t\t\t<div class=\"elementor-element elementor-element-24c32a2 elementor-widget elementor-widget-image\" data-id=\"24c32a2\" data-element_type=\"widget\" data-widget_type=\"image.default\">\n\t\t\t\t<div class=\"elementor-widget-container\">\n\t\t\t\t\t\t\t\t\t\t\t\t\t\t\t<img decoding=\"async\" width=\"1600\" height=\"581\" src=\"https:\/\/royaldrivingexperience.com\/wp-content\/uploads\/2023\/12\/3.jpg\" class=\"attachment-full size-full wp-image-472\" alt=\"\" srcset=\"https:\/\/royaldrivingexperience.com\/wp-content\/uploads\/2023\/12\/3.jpg 1600w, https:\/\/royaldrivingexperience.com\/wp-content\/uploads\/2023\/12\/3-300x109.jpg 300w, https:\/\/royaldrivingexperience.com\/wp-content\/uploads\/2023\/12\/3-1024x372.jpg 1024w, https:\/\/royaldrivingexperience.com\/wp-content\/uploads\/2023\/12\/3-768x279.jpg 768w, https:\/\/royaldrivingexperience.com\/wp-content\/uploads\/2023\/12\/3-1536x558.jpg 1536w\" sizes=\"(max-width: 1600px) 100vw, 1600px\" \/>\t\t\t\t\t\t\t\t\t\t\t\t\t\t\t<\/div>\n\t\t\t\t<\/div>\n\t\t\t\t<\/div>\n\t\t<div class=\"elementor-element elementor-element-e27ee4e e-con-full e-flex e-con e-child\" data-id=\"e27ee4e\" data-element_type=\"container\">\n\t\t<div class=\"elementor-element elementor-element-cf118fb e-flex e-con-boxed e-con e-child\" data-id=\"cf118fb\" data-element_type=\"container\">\n\t\t\t\t\t<div class=\"e-con-inner\">\n\t\t\t\t<div class=\"elementor-element elementor-element-fd1388e elementor-widget elementor-widget-text-editor\" data-id=\"fd1388e\" data-element_type=\"widget\" data-widget_type=\"text-editor.default\">\n\t\t\t\t<div class=\"elementor-widget-container\">\n\t\t\t\t\t\t\t\t\t<p>Pendant les mois d'\u00e9t\u00e9, vous pouvez jouer au golf de juin \u00e0 septembre ou partir en randonn\u00e9e sur le Mont Blanc avec des guides alpins. Ne manquez pas une balade \u00e0 cheval dans les bois ou une journ\u00e9e de rafting, de canyoning et d'hydrospeed.<br \/>Courmayeur est \u00e9galement facilement accessible \u00e0 la capitale r\u00e9gionale, Aoste, un centre culturel avec deux mille ans d'histoire, o\u00f9 vous pouvez explorer les vestiges de l'ancienne ville romaine, la deuxi\u00e8me plus grande d'Italie en termes de taille et de quantit\u00e9 d'artefacts, ou faire du shopping dans les nombreuses boutiques du centre-ville.<\/p>\t\t\t\t\t\t\t\t<\/div>\n\t\t\t\t<\/div>\n\t\t\t\t\t<\/div>\n\t\t\t\t<\/div>\n\t\t\t\t<\/div>\n\t\t\t\t<\/div>\n\t\t\t\t<\/div>","protected":false},"excerpt":{"rendered":"<p>#MontBlanc Courmayeur COURMAYEUR Una meta ideale Courmayeur sorge ai piedi del Monte Bianco nella parte italiana ed \u00e8 la meta ideale per coloro che vogliono esplorare le attrattive, che regala la vetta pi\u00f9 alta d\u2019Europa. Un crocevia strategico per visitare le bellezze alpine italiane, svizzere e francesi. Sono presenti attivit\u00e0 tutto l\u2019anno, nei mesi invernali [&hellip;]<\/p>","protected":false},"author":1,"featured_media":0,"parent":0,"menu_order":0,"comment_status":"closed","ping_status":"closed","template":"elementor_header_footer","meta":{"inline_featured_image":false,"footnotes":""},"class_list":["post-59","page","type-page","status-publish","hentry"],"_links":{"self":[{"href":"http:\/\/royaldrivingexperience.com\/fr\/wp-json\/wp\/v2\/pages\/59","targetHints":{"allow":["GET"]}}],"collection":[{"href":"http:\/\/royaldrivingexperience.com\/fr\/wp-json\/wp\/v2\/pages"}],"about":[{"href":"http:\/\/royaldrivingexperience.com\/fr\/wp-json\/wp\/v2\/types\/page"}],"author":[{"embeddable":true,"href":"http:\/\/royaldrivingexperience.com\/fr\/wp-json\/wp\/v2\/users\/1"}],"replies":[{"embeddable":true,"href":"http:\/\/royaldrivingexperience.com\/fr\/wp-json\/wp\/v2\/comments?post=59"}],"version-history":[{"count":0,"href":"http:\/\/royaldrivingexperience.com\/fr\/wp-json\/wp\/v2\/pages\/59\/revisions"}],"wp:attachment":[{"href":"http:\/\/royaldrivingexperience.com\/fr\/wp-json\/wp\/v2\/media?parent=59"}],"curies":[{"name":"wp","href":"https:\/\/api.w.org\/{rel}","templated":true}]}}