{"id":65,"date":"2023-12-05T21:37:47","date_gmt":"2023-12-05T21:37:47","guid":{"rendered":"http:\/\/royaldrivingexperience.com\/?page_id=65"},"modified":"2023-12-30T12:00:41","modified_gmt":"2023-12-30T11:00:41","slug":"hotel","status":"publish","type":"page","link":"http:\/\/royaldrivingexperience.com\/fr\/hotel\/","title":{"rendered":"Hotel"},"content":{"rendered":"<div data-elementor-type=\"wp-page\" data-elementor-id=\"65\" class=\"elementor elementor-65\" data-elementor-post-type=\"page\">\n\t\t\t\t<div class=\"elementor-element elementor-element-ea9ffe3 e-con-full e-flex e-con e-parent\" data-id=\"ea9ffe3\" data-element_type=\"container\" data-settings=\"{&quot;background_background&quot;:&quot;slideshow&quot;,&quot;background_slideshow_gallery&quot;:[{&quot;id&quot;:402,&quot;url&quot;:&quot;https:\\\/\\\/royaldrivingexperience.com\\\/wp-content\\\/uploads\\\/2023\\\/12\\\/IMG_4202.jpg&quot;},{&quot;id&quot;:404,&quot;url&quot;:&quot;https:\\\/\\\/royaldrivingexperience.com\\\/wp-content\\\/uploads\\\/2023\\\/12\\\/IMG_6531.jpg&quot;}],&quot;background_slideshow_lazyload&quot;:&quot;yes&quot;,&quot;background_slideshow_loop&quot;:&quot;yes&quot;,&quot;background_slideshow_slide_duration&quot;:5000,&quot;background_slideshow_slide_transition&quot;:&quot;fade&quot;,&quot;background_slideshow_transition_duration&quot;:500}\">\n\t\t\t\t<\/div>\n\t\t<div class=\"elementor-element elementor-element-3865bb8 e-con-full e-flex elementor-invisible e-con e-parent\" data-id=\"3865bb8\" data-element_type=\"container\" data-settings=\"{&quot;animation&quot;:&quot;fadeIn&quot;}\">\n\t\t<div class=\"elementor-element elementor-element-65d0d22 e-con-full e-flex e-con e-child\" data-id=\"65d0d22\" data-element_type=\"container\" data-settings=\"{&quot;background_background&quot;:&quot;video&quot;}\">\n\t\t<div class=\"elementor-element elementor-element-eef1717 e-flex e-con-boxed e-con e-child\" data-id=\"eef1717\" data-element_type=\"container\">\n\t\t\t\t\t<div class=\"e-con-inner\">\n\t\t\t\t<div class=\"elementor-element elementor-element-8aa65f4 elementor-widget elementor-widget-heading\" data-id=\"8aa65f4\" data-element_type=\"widget\" data-widget_type=\"heading.default\">\n\t\t\t\t<div class=\"elementor-widget-container\">\n\t\t\t\t\t<p class=\"elementor-heading-title elementor-size-default\"> H\u00f4tel 5 \u00e9toiles \u00e0 Courmayeur <\/p>\t\t\t\t<\/div>\n\t\t\t\t<\/div>\n\t\t\t\t<div class=\"elementor-element elementor-element-526042b elementor-widget elementor-widget-heading\" data-id=\"526042b\" data-element_type=\"widget\" data-widget_type=\"heading.default\">\n\t\t\t\t<div class=\"elementor-widget-container\">\n\t\t\t\t\t<h2 class=\"elementor-heading-title elementor-size-default\">Depuis 161 ans, au c\u0153ur du Mont Blanc<\/h2>\t\t\t\t<\/div>\n\t\t\t\t<\/div>\n\t\t\t\t<div class=\"elementor-element elementor-element-a367f87 elementor-widget elementor-widget-text-editor\" data-id=\"a367f87\" data-element_type=\"widget\" data-widget_type=\"text-editor.default\">\n\t\t\t\t<div class=\"elementor-widget-container\">\n\t\t\t\t\t\t\t\t\t<p>Le Grand Hotel Royal and Golf de Courmayeur est un point de rep\u00e8re dans les Alpes italiennes pour des vacances relaxantes et r\u00e9g\u00e9n\u00e9rantes.<\/p>\t\t\t\t\t\t\t\t<\/div>\n\t\t\t\t<\/div>\n\t\t\t\t<div class=\"elementor-element elementor-element-82a4946 elementor-widget-divider--view-line elementor-widget elementor-widget-divider\" data-id=\"82a4946\" data-element_type=\"widget\" data-widget_type=\"divider.default\">\n\t\t\t\t<div class=\"elementor-widget-container\">\n\t\t\t\t\t\t\t<div class=\"elementor-divider\">\n\t\t\t<span class=\"elementor-divider-separator\">\n\t\t\t\t\t\t<\/span>\n\t\t<\/div>\n\t\t\t\t\t\t<\/div>\n\t\t\t\t<\/div>\n\t\t\t\t<div class=\"elementor-element elementor-element-8a20f9f elementor-icon-list--layout-traditional elementor-list-item-link-full_width elementor-widget elementor-widget-icon-list\" data-id=\"8a20f9f\" data-element_type=\"widget\" data-widget_type=\"icon-list.default\">\n\t\t\t\t<div class=\"elementor-widget-container\">\n\t\t\t\t\t\t\t<ul class=\"elementor-icon-list-items\">\n\t\t\t\t\t\t\t<li class=\"elementor-icon-list-item\">\n\t\t\t\t\t\t\t\t\t\t\t<span class=\"elementor-icon-list-icon\">\n\t\t\t\t\t\t\t<svg aria-hidden=\"true\" class=\"e-font-icon-svg e-fas-map-marker-alt\" viewbox=\"0 0 384 512\" xmlns=\"http:\/\/www.w3.org\/2000\/svg\"><path d=\"M172.268 501.67C26.97 291.031 0 269.413 0 192 0 85.961 85.961 0 192 0s192 85.961 192 192c0 77.413-26.97 99.031-172.268 309.67-9.535 13.774-29.93 13.773-39.464 0zM192 272c44.183 0 80-35.817 80-80s-35.817-80-80-80-80 35.817-80 80 35.817 80 80 80z\"><\/path><\/svg>\t\t\t\t\t\t<\/span>\n\t\t\t\t\t\t\t\t\t\t<span class=\"elementor-icon-list-text\">VIA ROMA 87 11013 COURMAYEUR (AO) ITALIA <\/span>\n\t\t\t\t\t\t\t\t\t<\/li>\n\t\t\t\t\t\t\t\t<li class=\"elementor-icon-list-item\">\n\t\t\t\t\t\t\t\t\t\t\t<a href=\"tel:00393454486857\">\n\n\t\t\t\t\t\t\t\t\t\t\t\t<span class=\"elementor-icon-list-icon\">\n\t\t\t\t\t\t\t<svg aria-hidden=\"true\" class=\"e-font-icon-svg e-fas-phone-alt\" viewbox=\"0 0 512 512\" xmlns=\"http:\/\/www.w3.org\/2000\/svg\"><path d=\"M497.39 361.8l-112-48a24 24 0 0 0-28 6.9l-49.6 60.6A370.66 370.66 0 0 1 130.6 204.11l60.6-49.6a23.94 23.94 0 0 0 6.9-28l-48-112A24.16 24.16 0 0 0 122.6.61l-104 24A24 24 0 0 0 0 48c0 256.5 207.9 464 464 464a24 24 0 0 0 23.4-18.6l24-104a24.29 24.29 0 0 0-14.01-27.6z\"><\/path><\/svg>\t\t\t\t\t\t<\/span>\n\t\t\t\t\t\t\t\t\t\t<span class=\"elementor-icon-list-text\">+39 345 4486857<\/span>\n\t\t\t\t\t\t\t\t\t\t\t<\/a>\n\t\t\t\t\t\t\t\t\t<\/li>\n\t\t\t\t\t\t<\/ul>\n\t\t\t\t\t\t<\/div>\n\t\t\t\t<\/div>\n\t\t\t\t<div class=\"elementor-element elementor-element-99bb426 elementor-align-left elementor-icon-list--layout-inline elementor-list-item-link-full_width elementor-widget elementor-widget-icon-list\" data-id=\"99bb426\" data-element_type=\"widget\" data-widget_type=\"icon-list.default\">\n\t\t\t\t<div class=\"elementor-widget-container\">\n\t\t\t\t\t\t\t<ul class=\"elementor-icon-list-items elementor-inline-items\">\n\t\t\t\t\t\t\t<li class=\"elementor-icon-list-item elementor-inline-item\">\n\t\t\t\t\t\t\t\t\t\t\t<a href=\"http:\/\/hotelroyalegolf.com\">\n\n\t\t\t\t\t\t\t\t\t\t\t\t<span class=\"elementor-icon-list-icon\">\n\t\t\t\t\t\t\t<svg aria-hidden=\"true\" class=\"e-font-icon-svg e-fas-globe\" viewbox=\"0 0 496 512\" xmlns=\"http:\/\/www.w3.org\/2000\/svg\"><path d=\"M336.5 160C322 70.7 287.8 8 248 8s-74 62.7-88.5 152h177zM152 256c0 22.2 1.2 43.5 3.3 64h185.3c2.1-20.5 3.3-41.8 3.3-64s-1.2-43.5-3.3-64H155.3c-2.1 20.5-3.3 41.8-3.3 64zm324.7-96c-28.6-67.9-86.5-120.4-158-141.6 24.4 33.8 41.2 84.7 50 141.6h108zM177.2 18.4C105.8 39.6 47.8 92.1 19.3 160h108c8.7-56.9 25.5-107.8 49.9-141.6zM487.4 192H372.7c2.1 21 3.3 42.5 3.3 64s-1.2 43-3.3 64h114.6c5.5-20.5 8.6-41.8 8.6-64s-3.1-43.5-8.5-64zM120 256c0-21.5 1.2-43 3.3-64H8.6C3.2 212.5 0 233.8 0 256s3.2 43.5 8.6 64h114.6c-2-21-3.2-42.5-3.2-64zm39.5 96c14.5 89.3 48.7 152 88.5 152s74-62.7 88.5-152h-177zm159.3 141.6c71.4-21.2 129.4-73.7 158-141.6h-108c-8.8 56.9-25.6 107.8-50 141.6zM19.3 352c28.6 67.9 86.5 120.4 158 141.6-24.4-33.8-41.2-84.7-50-141.6h-108z\"><\/path><\/svg>\t\t\t\t\t\t<\/span>\n\t\t\t\t\t\t\t\t\t\t<span class=\"elementor-icon-list-text\">hotelroyalegolf.com<\/span>\n\t\t\t\t\t\t\t\t\t\t\t<\/a>\n\t\t\t\t\t\t\t\t\t<\/li>\n\t\t\t\t\t\t\t\t<li class=\"elementor-icon-list-item elementor-inline-item\">\n\t\t\t\t\t\t\t\t\t\t\t<a href=\"https:\/\/www.facebook.com\/hotelroyalcourmayeur\">\n\n\t\t\t\t\t\t\t\t\t\t\t\t<span class=\"elementor-icon-list-icon\">\n\t\t\t\t\t\t\t<svg aria-hidden=\"true\" class=\"e-font-icon-svg e-fab-facebook\" viewbox=\"0 0 512 512\" xmlns=\"http:\/\/www.w3.org\/2000\/svg\"><path d=\"M504 256C504 119 393 8 256 8S8 119 8 256c0 123.78 90.69 226.38 209.25 245V327.69h-63V256h63v-54.64c0-62.15 37-96.48 93.67-96.48 27.14 0 55.52 4.84 55.52 4.84v61h-31.28c-30.8 0-40.41 19.12-40.41 38.73V256h68.78l-11 71.69h-57.78V501C413.31 482.38 504 379.78 504 256z\"><\/path><\/svg>\t\t\t\t\t\t<\/span>\n\t\t\t\t\t\t\t\t\t\t<span class=\"elementor-icon-list-text\"> Facebook<\/span>\n\t\t\t\t\t\t\t\t\t\t\t<\/a>\n\t\t\t\t\t\t\t\t\t<\/li>\n\t\t\t\t\t\t<\/ul>\n\t\t\t\t\t\t<\/div>\n\t\t\t\t<\/div>\n\t\t\t\t\t<\/div>\n\t\t\t\t<\/div>\n\t\t\t\t<\/div>\n\t\t<div class=\"elementor-element elementor-element-76eee8b e-con-full e-flex e-con e-child\" data-id=\"76eee8b\" data-element_type=\"container\">\n\t\t\t\t<div class=\"elementor-element elementor-element-9d48b56 elementor-widget elementor-widget-image\" data-id=\"9d48b56\" data-element_type=\"widget\" data-widget_type=\"image.default\">\n\t\t\t\t<div class=\"elementor-widget-container\">\n\t\t\t\t\t\t\t\t\t\t\t\t\t\t\t<img fetchpriority=\"high\" decoding=\"async\" width=\"564\" height=\"442\" src=\"https:\/\/royaldrivingexperience.com\/wp-content\/uploads\/2023\/12\/Logo_Royal_DEF_oro_ramato_copia-removebg-preview.png\" class=\"attachment-full size-full wp-image-405\" alt=\"\" srcset=\"https:\/\/royaldrivingexperience.com\/wp-content\/uploads\/2023\/12\/Logo_Royal_DEF_oro_ramato_copia-removebg-preview.png 564w, https:\/\/royaldrivingexperience.com\/wp-content\/uploads\/2023\/12\/Logo_Royal_DEF_oro_ramato_copia-removebg-preview-300x235.png 300w\" sizes=\"(max-width: 564px) 100vw, 564px\" \/>\t\t\t\t\t\t\t\t\t\t\t\t\t\t\t<\/div>\n\t\t\t\t<\/div>\n\t\t\t\t<\/div>\n\t\t\t\t<\/div>\n\t\t<div class=\"elementor-element elementor-element-1d1ff89 e-con-full e-flex elementor-invisible e-con e-parent\" data-id=\"1d1ff89\" data-element_type=\"container\" data-settings=\"{&quot;animation&quot;:&quot;fadeIn&quot;}\">\n\t\t<div class=\"elementor-element elementor-element-134a507 e-con-full e-flex e-con e-child\" data-id=\"134a507\" data-element_type=\"container\" data-settings=\"{&quot;background_background&quot;:&quot;video&quot;,&quot;background_video_link&quot;:&quot;https:\\\/\\\/royaldrivingexperience.com\\\/wp-content\\\/uploads\\\/2023\\\/12\\\/4.mp4&quot;,&quot;background_play_on_mobile&quot;:&quot;yes&quot;}\">\n\t\t<div class=\"elementor-background-video-container\">\n\t\t\t\t\t\t\t<video class=\"elementor-background-video-hosted\" autoplay muted playsinline loop><\/video>\n\t\t\t\t\t<\/div>\t\t<div class=\"elementor-element elementor-element-41ed94b elementor-widget elementor-widget-spacer\" data-id=\"41ed94b\" data-element_type=\"widget\" data-widget_type=\"spacer.default\">\n\t\t\t\t<div class=\"elementor-widget-container\">\n\t\t\t\t\t\t\t<div class=\"elementor-spacer\">\n\t\t\t<div class=\"elementor-spacer-inner\"><\/div>\n\t\t<\/div>\n\t\t\t\t\t\t<\/div>\n\t\t\t\t<\/div>\n\t\t\t\t<\/div>\n\t\t<div class=\"elementor-element elementor-element-f60ba6c e-con-full e-flex e-con e-child\" data-id=\"f60ba6c\" data-element_type=\"container\" data-settings=\"{&quot;background_background&quot;:&quot;video&quot;}\">\n\t\t<div class=\"elementor-element elementor-element-466cf56 e-flex e-con-boxed e-con e-child\" data-id=\"466cf56\" data-element_type=\"container\">\n\t\t\t\t\t<div class=\"e-con-inner\">\n\t\t\t\t<div class=\"elementor-element elementor-element-4218c96 elementor-widget elementor-widget-text-editor\" data-id=\"4218c96\" data-element_type=\"widget\" data-widget_type=\"text-editor.default\">\n\t\t\t\t<div class=\"elementor-widget-container\">\n\t\t\t\t\t\t\t\t\t<p>Situ\u00e9 sur la Via Roma centrale, c'est le plus ancien h\u00f4tel de la Vall\u00e9e d'Aoste, fond\u00e9 en 1854. Le Royal offre \u00e0 ses clients des services exclusifs. Un centre de bien-\u00eatre avec une piscine ext\u00e9rieure chauff\u00e9e, un sauna au feu de bois et une salle de fitness. Les chambres vont de standard \u00e0 des suites. \u00c0 l'int\u00e9rieur de l'\u00e9tablissement, il y a deux restaurants gastronomiques o\u00f9 vous pouvez choisir parmi une cuisine m\u00e9diterran\u00e9enne, internationale et contemporaine, ainsi qu'un bar lounge pour des ap\u00e9ritifs. Des r\u00e9unions et des mariages peuvent \u00e9galement \u00eatre organis\u00e9s. Ne manquez pas le frisson d'un d\u00eener pr\u00e9par\u00e9 en Show Cooking par notre chef Paolo Griffa dans la tour m\u00e9di\u00e9vale exclusive datant de 1251, adjacente \u00e0 l'h\u00f4tel.<\/p>\t\t\t\t\t\t\t\t<\/div>\n\t\t\t\t<\/div>\n\t\t\t\t\t<\/div>\n\t\t\t\t<\/div>\n\t\t\t\t<\/div>\n\t\t\t\t<\/div>\n\t\t<div class=\"elementor-element elementor-element-619728e e-con-full e-flex elementor-invisible e-con e-parent\" data-id=\"619728e\" data-element_type=\"container\" data-settings=\"{&quot;animation&quot;:&quot;fadeIn&quot;}\">\n\t\t<div class=\"elementor-element elementor-element-9accd94 e-con-full e-flex e-con e-child\" data-id=\"9accd94\" data-element_type=\"container\" data-settings=\"{&quot;background_background&quot;:&quot;video&quot;}\">\n\t\t<div class=\"elementor-element elementor-element-f93db5e e-flex e-con-boxed e-con e-child\" data-id=\"f93db5e\" data-element_type=\"container\">\n\t\t\t\t\t<div class=\"e-con-inner\">\n\t\t\t\t<div class=\"elementor-element elementor-element-917f691 elementor-widget elementor-widget-text-editor\" data-id=\"917f691\" data-element_type=\"widget\" data-widget_type=\"text-editor.default\">\n\t\t\t\t<div class=\"elementor-widget-container\">\n\t\t\t\t\t\t\t\t\t<p>Si le Grand Hotel Royal and Golf \u00e0 Courmayeur est consid\u00e9r\u00e9 comme la star des \u00e9tablissements h\u00f4teliers alpins italiens, ce n'est pas seulement pour l'exclusivit\u00e9 des services propos\u00e9s, mais surtout pour l'intimit\u00e9 et le confort offerts \u00e0 tous ses clients qui passent leurs vacances dans ses chambres exclusives.<br \/>Dans sa vie centenaire, certaines des personnalit\u00e9s les plus illustres de l'histoire italienne, dont la Reine Margherita et le po\u00e8te Giosu\u00e8 Carducci, ont s\u00e9journ\u00e9 au Royal. M\u00eame aujourd'hui, les personnalit\u00e9s du jet-set le choisissent pour une p\u00e9riode de d\u00e9tente marqu\u00e9e par la discr\u00e9tion.<\/p>\t\t\t\t\t\t\t\t<\/div>\n\t\t\t\t<\/div>\n\t\t\t\t\t<\/div>\n\t\t\t\t<\/div>\n\t\t\t\t<\/div>\n\t\t<div class=\"elementor-element elementor-element-ee45c07 e-con-full e-flex e-con e-child\" data-id=\"ee45c07\" data-element_type=\"container\">\n\t\t\t\t<div class=\"elementor-element elementor-element-3c02f5b elementor-widget elementor-widget-image\" data-id=\"3c02f5b\" data-element_type=\"widget\" data-widget_type=\"image.default\">\n\t\t\t\t<div class=\"elementor-widget-container\">\n\t\t\t\t\t\t\t\t\t\t\t\t\t\t\t<img decoding=\"async\" width=\"1600\" height=\"1067\" src=\"https:\/\/royaldrivingexperience.com\/wp-content\/uploads\/2023\/12\/DSC6278.jpg\" class=\"attachment-full size-full wp-image-411\" alt=\"\" srcset=\"https:\/\/royaldrivingexperience.com\/wp-content\/uploads\/2023\/12\/DSC6278.jpg 1600w, https:\/\/royaldrivingexperience.com\/wp-content\/uploads\/2023\/12\/DSC6278-300x200.jpg 300w, https:\/\/royaldrivingexperience.com\/wp-content\/uploads\/2023\/12\/DSC6278-1024x683.jpg 1024w, https:\/\/royaldrivingexperience.com\/wp-content\/uploads\/2023\/12\/DSC6278-768x512.jpg 768w, https:\/\/royaldrivingexperience.com\/wp-content\/uploads\/2023\/12\/DSC6278-1536x1024.jpg 1536w\" sizes=\"(max-width: 1600px) 100vw, 1600px\" \/>\t\t\t\t\t\t\t\t\t\t\t\t\t\t\t<\/div>\n\t\t\t\t<\/div>\n\t\t\t\t<\/div>\n\t\t\t\t<\/div>\n\t\t<div class=\"elementor-element elementor-element-62c7059 e-con-full e-flex e-con e-parent\" data-id=\"62c7059\" data-element_type=\"container\">\n\t\t\t\t<div class=\"elementor-element elementor-element-1d844ae elementor-widget elementor-widget-gallery\" data-id=\"1d844ae\" data-element_type=\"widget\" data-settings=\"{&quot;columns&quot;:3,&quot;aspect_ratio&quot;:&quot;4:3&quot;,&quot;gap_tablet&quot;:{&quot;unit&quot;:&quot;px&quot;,&quot;size&quot;:20,&quot;sizes&quot;:[]},&quot;gap_mobile&quot;:{&quot;unit&quot;:&quot;px&quot;,&quot;size&quot;:15,&quot;sizes&quot;:[]},&quot;gap&quot;:{&quot;unit&quot;:&quot;px&quot;,&quot;size&quot;:25,&quot;sizes&quot;:[]},&quot;lazyload&quot;:&quot;yes&quot;,&quot;gallery_layout&quot;:&quot;grid&quot;,&quot;columns_tablet&quot;:2,&quot;columns_mobile&quot;:1,&quot;link_to&quot;:&quot;file&quot;,&quot;overlay_background&quot;:&quot;yes&quot;,&quot;content_hover_animation&quot;:&quot;fade-in&quot;}\" data-widget_type=\"gallery.default\">\n\t\t\t\t<div class=\"elementor-widget-container\">\n\t\t\t\t\t\t\t<div class=\"elementor-gallery__container\">\n\t\t\t\t\t\t\t<a class=\"e-gallery-item elementor-gallery-item elementor-animated-content\" href=\"https:\/\/royaldrivingexperience.com\/wp-content\/uploads\/2023\/12\/IMG_4202.jpg\" data-elementor-open-lightbox=\"yes\" data-elementor-lightbox-slideshow=\"1d844ae\" data-elementor-lightbox-title=\"IMG_4202\" data-e-action-hash=\"#elementor-action%3Aaction%3Dlightbox%26settings%3DeyJpZCI6NDAyLCJ1cmwiOiJodHRwczpcL1wvcm95YWxkcml2aW5nZXhwZXJpZW5jZS5jb21cL3dwLWNvbnRlbnRcL3VwbG9hZHNcLzIwMjNcLzEyXC9JTUdfNDIwMi5qcGciLCJzbGlkZXNob3ciOiIxZDg0NGFlIn0%3D\">\n\t\t\t\t\t<div class=\"e-gallery-image elementor-gallery-item__image\" data-thumbnail=\"https:\/\/royaldrivingexperience.com\/wp-content\/uploads\/2023\/12\/IMG_4202.jpg\" data-width=\"1600\" data-height=\"983\" aria-label=\"\" role=\"img\" ><\/div>\n\t\t\t\t\t\t\t\t\t\t\t<div class=\"elementor-gallery-item__overlay\"><\/div>\n\t\t\t\t\t\t\t\t\t\t\t\t\t\t<\/a>\n\t\t\t\t\t\t\t<a class=\"e-gallery-item elementor-gallery-item elementor-animated-content\" href=\"https:\/\/royaldrivingexperience.com\/wp-content\/uploads\/2023\/12\/RAG-mag-256-PC8.jpg\" data-elementor-open-lightbox=\"yes\" data-elementor-lightbox-slideshow=\"1d844ae\" data-elementor-lightbox-title=\"RAG mag 256 PC8\" data-e-action-hash=\"#elementor-action%3Aaction%3Dlightbox%26settings%3DeyJpZCI6NDU0LCJ1cmwiOiJodHRwczpcL1wvcm95YWxkcml2aW5nZXhwZXJpZW5jZS5jb21cL3dwLWNvbnRlbnRcL3VwbG9hZHNcLzIwMjNcLzEyXC9SQUctbWFnLTI1Ni1QQzguanBnIiwic2xpZGVzaG93IjoiMWQ4NDRhZSJ9\">\n\t\t\t\t\t<div class=\"e-gallery-image elementor-gallery-item__image\" data-thumbnail=\"https:\/\/royaldrivingexperience.com\/wp-content\/uploads\/2023\/12\/RAG-mag-256-PC8.jpg\" data-width=\"1600\" data-height=\"1065\" aria-label=\"\" role=\"img\" ><\/div>\n\t\t\t\t\t\t\t\t\t\t\t<div class=\"elementor-gallery-item__overlay\"><\/div>\n\t\t\t\t\t\t\t\t\t\t\t\t\t\t<\/a>\n\t\t\t\t\t\t\t<a class=\"e-gallery-item elementor-gallery-item elementor-animated-content\" href=\"https:\/\/royaldrivingexperience.com\/wp-content\/uploads\/2023\/12\/IMG_4228.jpg\" data-elementor-open-lightbox=\"yes\" data-elementor-lightbox-slideshow=\"1d844ae\" data-elementor-lightbox-title=\"IMG_4228\" data-e-action-hash=\"#elementor-action%3Aaction%3Dlightbox%26settings%3DeyJpZCI6NDUzLCJ1cmwiOiJodHRwczpcL1wvcm95YWxkcml2aW5nZXhwZXJpZW5jZS5jb21cL3dwLWNvbnRlbnRcL3VwbG9hZHNcLzIwMjNcLzEyXC9JTUdfNDIyOC5qcGciLCJzbGlkZXNob3ciOiIxZDg0NGFlIn0%3D\">\n\t\t\t\t\t<div class=\"e-gallery-image elementor-gallery-item__image\" data-thumbnail=\"https:\/\/royaldrivingexperience.com\/wp-content\/uploads\/2023\/12\/IMG_4228.jpg\" data-width=\"1600\" data-height=\"1200\" aria-label=\"\" role=\"img\" ><\/div>\n\t\t\t\t\t\t\t\t\t\t\t<div class=\"elementor-gallery-item__overlay\"><\/div>\n\t\t\t\t\t\t\t\t\t\t\t\t\t\t<\/a>\n\t\t\t\t\t\t\t<a class=\"e-gallery-item elementor-gallery-item elementor-animated-content\" href=\"https:\/\/royaldrivingexperience.com\/wp-content\/uploads\/2023\/12\/IMG_6531.jpg\" data-elementor-open-lightbox=\"yes\" data-elementor-lightbox-slideshow=\"1d844ae\" data-elementor-lightbox-title=\"created by dji camera\" data-e-action-hash=\"#elementor-action%3Aaction%3Dlightbox%26settings%3DeyJpZCI6NDA0LCJ1cmwiOiJodHRwczpcL1wvcm95YWxkcml2aW5nZXhwZXJpZW5jZS5jb21cL3dwLWNvbnRlbnRcL3VwbG9hZHNcLzIwMjNcLzEyXC9JTUdfNjUzMS5qcGciLCJzbGlkZXNob3ciOiIxZDg0NGFlIn0%3D\">\n\t\t\t\t\t<div class=\"e-gallery-image elementor-gallery-item__image\" data-thumbnail=\"https:\/\/royaldrivingexperience.com\/wp-content\/uploads\/2023\/12\/IMG_6531.jpg\" data-width=\"1600\" data-height=\"1199\" aria-label=\"\" role=\"img\" ><\/div>\n\t\t\t\t\t\t\t\t\t\t\t<div class=\"elementor-gallery-item__overlay\"><\/div>\n\t\t\t\t\t\t\t\t\t\t\t\t\t\t<\/a>\n\t\t\t\t\t\t\t<a class=\"e-gallery-item elementor-gallery-item elementor-animated-content\" href=\"https:\/\/royaldrivingexperience.com\/wp-content\/uploads\/2023\/12\/DSC6278.jpg\" data-elementor-open-lightbox=\"yes\" data-elementor-lightbox-slideshow=\"1d844ae\" data-elementor-lightbox-title=\"Courmayeur, AO. Hotel Royal &amp; Golf. 2022. photo Cristian Castelnuovo\" data-e-action-hash=\"#elementor-action%3Aaction%3Dlightbox%26settings%3DeyJpZCI6NDExLCJ1cmwiOiJodHRwczpcL1wvcm95YWxkcml2aW5nZXhwZXJpZW5jZS5jb21cL3dwLWNvbnRlbnRcL3VwbG9hZHNcLzIwMjNcLzEyXC9EU0M2Mjc4LmpwZyIsInNsaWRlc2hvdyI6IjFkODQ0YWUifQ%3D%3D\">\n\t\t\t\t\t<div class=\"e-gallery-image elementor-gallery-item__image\" data-thumbnail=\"https:\/\/royaldrivingexperience.com\/wp-content\/uploads\/2023\/12\/DSC6278.jpg\" data-width=\"1600\" data-height=\"1067\" aria-label=\"\" role=\"img\" ><\/div>\n\t\t\t\t\t\t\t\t\t\t\t<div class=\"elementor-gallery-item__overlay\"><\/div>\n\t\t\t\t\t\t\t\t\t\t\t\t\t\t<\/a>\n\t\t\t\t\t\t\t<a class=\"e-gallery-item elementor-gallery-item elementor-animated-content\" href=\"https:\/\/royaldrivingexperience.com\/wp-content\/uploads\/2023\/12\/DSC6232.jpg\" data-elementor-open-lightbox=\"yes\" data-elementor-lightbox-slideshow=\"1d844ae\" data-elementor-lightbox-title=\"Courmayeur, AO. Hotel Royal &amp; Golf. 2022. photo Cristian Castelnuovo\" data-e-action-hash=\"#elementor-action%3Aaction%3Dlightbox%26settings%3DeyJpZCI6NDQ5LCJ1cmwiOiJodHRwczpcL1wvcm95YWxkcml2aW5nZXhwZXJpZW5jZS5jb21cL3dwLWNvbnRlbnRcL3VwbG9hZHNcLzIwMjNcLzEyXC9EU0M2MjMyLmpwZyIsInNsaWRlc2hvdyI6IjFkODQ0YWUifQ%3D%3D\">\n\t\t\t\t\t<div class=\"e-gallery-image elementor-gallery-item__image\" data-thumbnail=\"https:\/\/royaldrivingexperience.com\/wp-content\/uploads\/2023\/12\/DSC6232.jpg\" data-width=\"1600\" data-height=\"1067\" aria-label=\"\" role=\"img\" ><\/div>\n\t\t\t\t\t\t\t\t\t\t\t<div class=\"elementor-gallery-item__overlay\"><\/div>\n\t\t\t\t\t\t\t\t\t\t\t\t\t\t<\/a>\n\t\t\t\t\t\t\t<a class=\"e-gallery-item elementor-gallery-item elementor-animated-content\" href=\"https:\/\/royaldrivingexperience.com\/wp-content\/uploads\/2023\/12\/grand-royal-3-rotated.jpg\" data-elementor-open-lightbox=\"yes\" data-elementor-lightbox-slideshow=\"1d844ae\" data-elementor-lightbox-title=\"grand royal 3\" data-e-action-hash=\"#elementor-action%3Aaction%3Dlightbox%26settings%3DeyJpZCI6NDUyLCJ1cmwiOiJodHRwczpcL1wvcm95YWxkcml2aW5nZXhwZXJpZW5jZS5jb21cL3dwLWNvbnRlbnRcL3VwbG9hZHNcLzIwMjNcLzEyXC9ncmFuZC1yb3lhbC0zLXJvdGF0ZWQuanBnIiwic2xpZGVzaG93IjoiMWQ4NDRhZSJ9\">\n\t\t\t\t\t<div class=\"e-gallery-image elementor-gallery-item__image\" data-thumbnail=\"https:\/\/royaldrivingexperience.com\/wp-content\/uploads\/2023\/12\/grand-royal-3-rotated.jpg\" data-width=\"1600\" data-height=\"1200\" aria-label=\"\" role=\"img\" ><\/div>\n\t\t\t\t\t\t\t\t\t\t\t<div class=\"elementor-gallery-item__overlay\"><\/div>\n\t\t\t\t\t\t\t\t\t\t\t\t\t\t<\/a>\n\t\t\t\t\t\t\t<a class=\"e-gallery-item elementor-gallery-item elementor-animated-content\" href=\"https:\/\/royaldrivingexperience.com\/wp-content\/uploads\/2023\/12\/REG-hotel-139_PC8.jpg\" data-elementor-open-lightbox=\"yes\" data-elementor-lightbox-slideshow=\"1d844ae\" data-elementor-lightbox-title=\"REG hotel 139_PC8\" data-e-action-hash=\"#elementor-action%3Aaction%3Dlightbox%26settings%3DeyJpZCI6NDU1LCJ1cmwiOiJodHRwczpcL1wvcm95YWxkcml2aW5nZXhwZXJpZW5jZS5jb21cL3dwLWNvbnRlbnRcL3VwbG9hZHNcLzIwMjNcLzEyXC9SRUctaG90ZWwtMTM5X1BDOC5qcGciLCJzbGlkZXNob3ciOiIxZDg0NGFlIn0%3D\">\n\t\t\t\t\t<div class=\"e-gallery-image elementor-gallery-item__image\" data-thumbnail=\"https:\/\/royaldrivingexperience.com\/wp-content\/uploads\/2023\/12\/REG-hotel-139_PC8.jpg\" data-width=\"1600\" data-height=\"1065\" aria-label=\"\" role=\"img\" ><\/div>\n\t\t\t\t\t\t\t\t\t\t\t<div class=\"elementor-gallery-item__overlay\"><\/div>\n\t\t\t\t\t\t\t\t\t\t\t\t\t\t<\/a>\n\t\t\t\t\t<\/div>\n\t\t\t\t\t<\/div>\n\t\t\t\t<\/div>\n\t\t\t\t<\/div>\n\t\t\t\t<\/div>","protected":false},"excerpt":{"rendered":"<p>Hotel 5 stelle a Courmayeur Da 161 anni nel cuore del Monte Bianco Il Grand Hotel Royal e Golf di Courmayeur \u00e8 un punto di riferimento delle Alpi italiane per trascorrere una vacanza rilassante e rigenerante. VIA ROMA 87 11013 COURMAYEUR (AO) ITALIA +39 345 4486857 hotelroyalegolf.com Facebook Ubicato nella centralissima Via Roma, \u00e8 l\u2019Albergo [&hellip;]<\/p>","protected":false},"author":1,"featured_media":0,"parent":0,"menu_order":0,"comment_status":"closed","ping_status":"closed","template":"elementor_header_footer","meta":{"inline_featured_image":false,"footnotes":""},"class_list":["post-65","page","type-page","status-publish","hentry"],"_links":{"self":[{"href":"http:\/\/royaldrivingexperience.com\/fr\/wp-json\/wp\/v2\/pages\/65","targetHints":{"allow":["GET"]}}],"collection":[{"href":"http:\/\/royaldrivingexperience.com\/fr\/wp-json\/wp\/v2\/pages"}],"about":[{"href":"http:\/\/royaldrivingexperience.com\/fr\/wp-json\/wp\/v2\/types\/page"}],"author":[{"embeddable":true,"href":"http:\/\/royaldrivingexperience.com\/fr\/wp-json\/wp\/v2\/users\/1"}],"replies":[{"embeddable":true,"href":"http:\/\/royaldrivingexperience.com\/fr\/wp-json\/wp\/v2\/comments?post=65"}],"version-history":[{"count":0,"href":"http:\/\/royaldrivingexperience.com\/fr\/wp-json\/wp\/v2\/pages\/65\/revisions"}],"wp:attachment":[{"href":"http:\/\/royaldrivingexperience.com\/fr\/wp-json\/wp\/v2\/media?parent=65"}],"curies":[{"name":"wp","href":"https:\/\/api.w.org\/{rel}","templated":true}]}}